{"id":154,"date":"2021-07-11T13:05:27","date_gmt":"2021-07-11T11:05:27","guid":{"rendered":"https:\/\/www.imerix.at\/bookshop\/produkt\/commandant\/"},"modified":"2025-04-18T17:47:44","modified_gmt":"2025-04-18T15:47:44","slug":"commandant","status":"publish","type":"product","link":"https:\/\/www.verlagshaus-hernals.at\/shop\/produkt\/commandant\/","title":{"rendered":"Commandant"},"content":{"rendered":"<p>Ausschlie\u00dflich beim Verlag erh\u00e4ltliche limitierte nummerierte Auflage.<\/p>\n<p>Rebecca Morton, Frederic Morton\u00b4s Tochter hat das Originaltyposkript ihres Vaters in unsere H\u00e4nde gelegt. Das Typoskript wird in der Form, in der es Morton verfasst hat, der \u00d6ffentlichkeit zug\u00e4nglich gemacht. Es beinhaltet auch bewusst Morton\u00b4s Korrekturen. Es handelt sich dabei um das einzige von Frederic Morton je verfasste Theaterst\u00fcck im Original.<\/p>\n<p>Es ist die ersch\u00fctternde Groteske rund um den KZ-H\u00e4ftling Gruner, einst Schauspieler mit j\u00fcdischen Wurzeln in Wien, der f\u00fcr den Lagerkommandanten die Rolle des Lagerkommandanten spielen muss, damit dieser mit seiner Frau entkommen kann. Er muss dies tun, w\u00e4hrend \u00fcber das Lager die Asche seiner verbrannten Mith\u00e4ftlinge regnet. Morton setzt sich mit den gro\u00dfen Fragen von Schuld und Moral unter dem Regime der Nationalsozialisten auseinander.<\/p>\n","protected":false},"excerpt":{"rendered":"<p>104 Seiten,\u00a0Klappenbroschur<br \/>\nISBN 978-3-903442-04-7&hellip; <a class=\"kt-excerpt-readmore more-link\" href=\"https:\/\/www.verlagshaus-hernals.at\/shop\/produkt\/commandant\/\" aria-label=\"Commandant\">Read More<\/a><\/p>\n","protected":false},"featured_media":153,"template":"","meta":{"kt_blocks_editor_width":"","_kad_blocks_custom_css":"","_kad_blocks_head_custom_js":"","_kad_blocks_body_custom_js":"","_kad_blocks_footer_custom_js":""},"product_brand":[],"product_cat":[43,47],"product_tag":[48],"class_list":{"0":"post-154","1":"product","2":"type-product","3":"status-publish","4":"has-post-thumbnail","6":"product_cat-romane-erzaehlungen","7":"product_cat-zeitgeschichte","8":"product_tag-frederic-morton","10":"first","11":"instock","12":"taxable","13":"shipping-taxable","14":"purchasable","15":"product-type-simple"},"taxonomy_info":{"product_cat":[{"value":43,"label":"Romane &amp; Erz\u00e4hlungen"},{"value":47,"label":"Zeitgeschichte"}],"product_tag":[{"value":48,"label":"Frederic Morton"}]},"featured_image_src_large":["https:\/\/www.verlagshaus-hernals.at\/shop\/wp-content\/uploads\/morton-commandant-typoskript-741x1024.jpg",741,1024,true],"author_info":[],"comment_info":"","_links":{"self":[{"href":"https:\/\/www.verlagshaus-hernals.at\/shop\/wp-json\/wp\/v2\/product\/154","targetHints":{"allow":["GET"]}}],"collection":[{"href":"https:\/\/www.verlagshaus-hernals.at\/shop\/wp-json\/wp\/v2\/product"}],"about":[{"href":"https:\/\/www.verlagshaus-hernals.at\/shop\/wp-json\/wp\/v2\/types\/product"}],"wp:featuredmedia":[{"embeddable":true,"href":"https:\/\/www.verlagshaus-hernals.at\/shop\/wp-json\/wp\/v2\/media\/153"}],"wp:attachment":[{"href":"https:\/\/www.verlagshaus-hernals.at\/shop\/wp-json\/wp\/v2\/media?parent=154"}],"wp:term":[{"taxonomy":"product_brand","embeddable":true,"href":"https:\/\/www.verlagshaus-hernals.at\/shop\/wp-json\/wp\/v2\/product_brand?post=154"},{"taxonomy":"product_cat","embeddable":true,"href":"https:\/\/www.verlagshaus-hernals.at\/shop\/wp-json\/wp\/v2\/product_cat?post=154"},{"taxonomy":"product_tag","embeddable":true,"href":"https:\/\/www.verlagshaus-hernals.at\/shop\/wp-json\/wp\/v2\/product_tag?post=154"}],"curies":[{"name":"wp","href":"https:\/\/api.w.org\/{rel}","templated":true}]}}