{"id":144,"date":"2018-04-29T13:05:22","date_gmt":"2018-04-29T11:05:22","guid":{"rendered":"https:\/\/www.imerix.at\/bookshop\/produkt\/auch-totengraeber-muessen-sterben\/"},"modified":"2026-04-13T12:14:41","modified_gmt":"2026-04-13T10:14:41","slug":"auch-totengraeber-muessen-sterben","status":"publish","type":"product","link":"https:\/\/www.verlagshaus-hernals.at\/shop\/produkt\/auch-totengraeber-muessen-sterben\/","title":{"rendered":"Auch Totengr\u00e4ber m\u00fcssen sterben"},"content":{"rendered":"<p>Franz ist der Totengr\u00e4ber des St\u00e4dtchens Hochst\u00e4tt.<br \/>\nSo piet\u00e4tvoll wie er um die Toten bem\u00fcht ist, so leidenschaftlich betreut er auch die Witwen. Ein Lottogewinn bringt ihn und das gesamte Hochst\u00e4tt aus dem Gleichgewicht.<br \/>\nEin Roman \u00fcber das Leben und den Tod, einf\u00fchlsam erz\u00e4hlt von Ernest Zederbauer.<\/p>\n","protected":false},"excerpt":{"rendered":"<p>135 Seiten, Klappenbroschur<br \/>\nISBN 978-3-902975-48-5&hellip; <a class=\"kt-excerpt-readmore more-link\" href=\"https:\/\/www.verlagshaus-hernals.at\/shop\/produkt\/auch-totengraeber-muessen-sterben\/\" aria-label=\"Auch Totengr\u00e4ber m\u00fcssen sterben\">Read More<\/a><\/p>\n","protected":false},"featured_media":143,"template":"","meta":{"kt_blocks_editor_width":"","_kad_blocks_custom_css":"","_kad_blocks_head_custom_js":"","_kad_blocks_body_custom_js":"","_kad_blocks_footer_custom_js":""},"product_brand":[],"product_cat":[43],"product_tag":[],"class_list":{"0":"post-144","1":"product","2":"type-product","3":"status-publish","4":"has-post-thumbnail","6":"product_cat-romane-erzaehlungen","8":"first","9":"instock","10":"taxable","11":"shipping-taxable","12":"purchasable","13":"product-type-simple"},"taxonomy_info":{"product_cat":[{"value":43,"label":"Romane &amp; Erz\u00e4hlungen"}]},"featured_image_src_large":["https:\/\/www.verlagshaus-hernals.at\/shop\/wp-content\/uploads\/ernest_zederbauer-auch_totengraeber_muessen_sterben.jpg",573,928,false],"author_info":[],"comment_info":"","_links":{"self":[{"href":"https:\/\/www.verlagshaus-hernals.at\/shop\/wp-json\/wp\/v2\/product\/144","targetHints":{"allow":["GET"]}}],"collection":[{"href":"https:\/\/www.verlagshaus-hernals.at\/shop\/wp-json\/wp\/v2\/product"}],"about":[{"href":"https:\/\/www.verlagshaus-hernals.at\/shop\/wp-json\/wp\/v2\/types\/product"}],"wp:featuredmedia":[{"embeddable":true,"href":"https:\/\/www.verlagshaus-hernals.at\/shop\/wp-json\/wp\/v2\/media\/143"}],"wp:attachment":[{"href":"https:\/\/www.verlagshaus-hernals.at\/shop\/wp-json\/wp\/v2\/media?parent=144"}],"wp:term":[{"taxonomy":"product_brand","embeddable":true,"href":"https:\/\/www.verlagshaus-hernals.at\/shop\/wp-json\/wp\/v2\/product_brand?post=144"},{"taxonomy":"product_cat","embeddable":true,"href":"https:\/\/www.verlagshaus-hernals.at\/shop\/wp-json\/wp\/v2\/product_cat?post=144"},{"taxonomy":"product_tag","embeddable":true,"href":"https:\/\/www.verlagshaus-hernals.at\/shop\/wp-json\/wp\/v2\/product_tag?post=144"}],"curies":[{"name":"wp","href":"https:\/\/api.w.org\/{rel}","templated":true}]}}