{"id":140,"date":"2017-10-11T13:05:22","date_gmt":"2017-10-11T11:05:22","guid":{"rendered":"https:\/\/www.imerix.at\/bookshop\/produkt\/gedanken-reisen\/"},"modified":"2025-04-18T19:09:04","modified_gmt":"2025-04-18T17:09:04","slug":"gedanken-reisen","status":"publish","type":"product","link":"https:\/\/www.verlagshaus-hernals.at\/shop\/produkt\/gedanken-reisen\/","title":{"rendered":"Gedanken Reisen"},"content":{"rendered":"<p>Traude Verans literarische Arbeit ist von gro\u00dfer Klarheit und Poesie. Sie ist eine Meisterin im Verknappen von Prosatexten. Diese Dichtheit findet man so eigentlich nur in der Lyrik. Man k\u00f6nnte auch sagen, sie f\u00fcgt der Lyrik etwas mehr an K\u00f6rper hinzu und l\u00e4sst so ihre einzigartige Kurzprosa entstehen.<br \/>\nErg\u00e4nzt wird der Band durch Zeichnungen der kanadischen K\u00fcnstlerin Neyah Selva.<\/p>\n","protected":false},"excerpt":{"rendered":"<p>84 Seiten, gebunden<br \/>\nISBN 978-3-902975-53-9&hellip; <a class=\"kt-excerpt-readmore more-link\" href=\"https:\/\/www.verlagshaus-hernals.at\/shop\/produkt\/gedanken-reisen\/\" aria-label=\"Gedanken Reisen\">Read More<\/a><\/p>\n","protected":false},"featured_media":139,"template":"","meta":{"kt_blocks_editor_width":"","_kad_blocks_custom_css":"","_kad_blocks_head_custom_js":"","_kad_blocks_body_custom_js":"","_kad_blocks_footer_custom_js":""},"product_brand":[],"product_cat":[43],"product_tag":[53],"class_list":{"0":"post-140","1":"product","2":"type-product","3":"status-publish","4":"has-post-thumbnail","6":"product_cat-romane-erzaehlungen","7":"product_tag-traude-veran","9":"first","10":"instock","11":"taxable","12":"shipping-taxable","13":"purchasable","14":"product-type-simple"},"taxonomy_info":{"product_cat":[{"value":43,"label":"Romane &amp; Erz\u00e4hlungen"}],"product_tag":[{"value":53,"label":"Traude Veran"}]},"featured_image_src_large":["https:\/\/www.verlagshaus-hernals.at\/shop\/wp-content\/uploads\/veran-gedanken_reisen.jpg",402,648,false],"author_info":[],"comment_info":"","_links":{"self":[{"href":"https:\/\/www.verlagshaus-hernals.at\/shop\/wp-json\/wp\/v2\/product\/140","targetHints":{"allow":["GET"]}}],"collection":[{"href":"https:\/\/www.verlagshaus-hernals.at\/shop\/wp-json\/wp\/v2\/product"}],"about":[{"href":"https:\/\/www.verlagshaus-hernals.at\/shop\/wp-json\/wp\/v2\/types\/product"}],"wp:featuredmedia":[{"embeddable":true,"href":"https:\/\/www.verlagshaus-hernals.at\/shop\/wp-json\/wp\/v2\/media\/139"}],"wp:attachment":[{"href":"https:\/\/www.verlagshaus-hernals.at\/shop\/wp-json\/wp\/v2\/media?parent=140"}],"wp:term":[{"taxonomy":"product_brand","embeddable":true,"href":"https:\/\/www.verlagshaus-hernals.at\/shop\/wp-json\/wp\/v2\/product_brand?post=140"},{"taxonomy":"product_cat","embeddable":true,"href":"https:\/\/www.verlagshaus-hernals.at\/shop\/wp-json\/wp\/v2\/product_cat?post=140"},{"taxonomy":"product_tag","embeddable":true,"href":"https:\/\/www.verlagshaus-hernals.at\/shop\/wp-json\/wp\/v2\/product_tag?post=140"}],"curies":[{"name":"wp","href":"https:\/\/api.w.org\/{rel}","templated":true}]}}