{"id":138,"date":"2017-03-21T13:05:21","date_gmt":"2017-03-21T12:05:21","guid":{"rendered":"https:\/\/www.imerix.at\/bookshop\/produkt\/soshana-die-frau-die-mit-picasso-kochte\/"},"modified":"2025-12-10T11:34:07","modified_gmt":"2025-12-10T10:34:07","slug":"soshana-die-frau-die-mit-picasso-kochte","status":"publish","type":"product","link":"https:\/\/www.verlagshaus-hernals.at\/shop\/produkt\/soshana-die-frau-die-mit-picasso-kochte\/","title":{"rendered":"Soshana &#8211; Die Frau, die mit Picasso kochte"},"content":{"rendered":"<p>Die Malerin Soshana war mit zahlreichen gro\u00dfen K\u00fcnstlern und Pers\u00f6nlichkeiten ihrer Zeit freundschaftlich verbunden.<br \/>\nInspiriert von der Geschichte Soshanas erz\u00e4hlt Hannelore Fischer von Kindheit, Flucht und Schaffen der K\u00fcnstlerin.<br \/>\nIn einzelnen Szenen h\u00e4lt Hannelore Fischer Momente aus Soshanas Leben fest.<\/p>\n","protected":false},"excerpt":{"rendered":"<p>70 Seiten, broschiert<br \/>\nISBN 978-3-902975-49-2&hellip; <a class=\"kt-excerpt-readmore more-link\" href=\"https:\/\/www.verlagshaus-hernals.at\/shop\/produkt\/soshana-die-frau-die-mit-picasso-kochte\/\" aria-label=\"Soshana &#8211; Die Frau, die mit Picasso kochte\">Read More<\/a><\/p>\n","protected":false},"featured_media":137,"template":"","meta":{"kt_blocks_editor_width":"","_kad_blocks_custom_css":"","_kad_blocks_head_custom_js":"","_kad_blocks_body_custom_js":"","_kad_blocks_footer_custom_js":""},"product_brand":[],"product_cat":[43],"product_tag":[],"class_list":{"0":"post-138","1":"product","2":"type-product","3":"status-publish","4":"has-post-thumbnail","6":"product_cat-romane-erzaehlungen","8":"first","9":"instock","10":"taxable","11":"shipping-taxable","12":"purchasable","13":"product-type-simple"},"taxonomy_info":{"product_cat":[{"value":43,"label":"Romane &amp; Erz\u00e4hlungen"}]},"featured_image_src_large":["https:\/\/www.verlagshaus-hernals.at\/shop\/wp-content\/uploads\/hannelore-fischer_soshana.jpg",402,648,false],"author_info":[],"comment_info":"","_links":{"self":[{"href":"https:\/\/www.verlagshaus-hernals.at\/shop\/wp-json\/wp\/v2\/product\/138","targetHints":{"allow":["GET"]}}],"collection":[{"href":"https:\/\/www.verlagshaus-hernals.at\/shop\/wp-json\/wp\/v2\/product"}],"about":[{"href":"https:\/\/www.verlagshaus-hernals.at\/shop\/wp-json\/wp\/v2\/types\/product"}],"wp:featuredmedia":[{"embeddable":true,"href":"https:\/\/www.verlagshaus-hernals.at\/shop\/wp-json\/wp\/v2\/media\/137"}],"wp:attachment":[{"href":"https:\/\/www.verlagshaus-hernals.at\/shop\/wp-json\/wp\/v2\/media?parent=138"}],"wp:term":[{"taxonomy":"product_brand","embeddable":true,"href":"https:\/\/www.verlagshaus-hernals.at\/shop\/wp-json\/wp\/v2\/product_brand?post=138"},{"taxonomy":"product_cat","embeddable":true,"href":"https:\/\/www.verlagshaus-hernals.at\/shop\/wp-json\/wp\/v2\/product_cat?post=138"},{"taxonomy":"product_tag","embeddable":true,"href":"https:\/\/www.verlagshaus-hernals.at\/shop\/wp-json\/wp\/v2\/product_tag?post=138"}],"curies":[{"name":"wp","href":"https:\/\/api.w.org\/{rel}","templated":true}]}}