{"id":136,"date":"2016-11-15T13:05:21","date_gmt":"2016-11-15T12:05:21","guid":{"rendered":"https:\/\/www.imerix.at\/bookshop\/produkt\/lehen-und-leben-lassen\/"},"modified":"2025-04-18T19:05:59","modified_gmt":"2025-04-18T17:05:59","slug":"lehen-und-leben-lassen","status":"publish","type":"product","link":"https:\/\/www.verlagshaus-hernals.at\/shop\/produkt\/lehen-und-leben-lassen\/","title":{"rendered":"Lehen und Leben lassen"},"content":{"rendered":"<p>Bernhard von Rossberg, ein Ministeriale der steirischen Herz\u00f6ge, besitzt zwei Burgen. Die eine, genannt Rossburg, liegt in der Steiermark. Sein Vater hatte sie nach der Teilnahme am Kreuzzug zur R\u00fcckeroberung Jerusalems als landesf\u00fcrstliches Lehen erhalten.<br \/>\nDie andere Burg, Riesenstein in K\u00e4rnten, kam \u00fcber seine Ehefrau in die Familie.<br \/>\nIn dieser unruhigen Zeit des Interregnums halten die Rossbergs laufend Kontakt zu den f\u00fchrenden Adelsfamilien in beiden Herzogt\u00fcmern und verfolgen gespannt die Entwicklung in \u00d6sterreich.<br \/>\nSchlie\u00dflich wollen sie weder ihre Burgen noch ihre Stellung verlieren.<\/p>\n","protected":false},"excerpt":{"rendered":"<p>326 Seiten, gebunden, Schutzumschlag<br \/>\nISBN 978-3-902975-44-7&hellip; <a class=\"kt-excerpt-readmore more-link\" href=\"https:\/\/www.verlagshaus-hernals.at\/shop\/produkt\/lehen-und-leben-lassen\/\" aria-label=\"Lehen und Leben lassen\">Read More<\/a><\/p>\n","protected":false},"featured_media":135,"template":"","meta":{"kt_blocks_editor_width":"","_kad_blocks_custom_css":"","_kad_blocks_head_custom_js":"","_kad_blocks_body_custom_js":"","_kad_blocks_footer_custom_js":""},"product_brand":[],"product_cat":[43],"product_tag":[100],"class_list":{"0":"post-136","1":"product","2":"type-product","3":"status-publish","4":"has-post-thumbnail","6":"product_cat-romane-erzaehlungen","7":"product_tag-viktor-mautner-markhof","9":"first","10":"instock","11":"taxable","12":"shipping-taxable","13":"purchasable","14":"product-type-simple"},"taxonomy_info":{"product_cat":[{"value":43,"label":"Romane &amp; Erz\u00e4hlungen"}],"product_tag":[{"value":100,"label":"Viktor Mautner Markhof"}]},"featured_image_src_large":["https:\/\/www.verlagshaus-hernals.at\/shop\/wp-content\/uploads\/viktor_mautner_markhof-lehen_und_leben_lassen.jpg",402,648,false],"author_info":[],"comment_info":"","_links":{"self":[{"href":"https:\/\/www.verlagshaus-hernals.at\/shop\/wp-json\/wp\/v2\/product\/136","targetHints":{"allow":["GET"]}}],"collection":[{"href":"https:\/\/www.verlagshaus-hernals.at\/shop\/wp-json\/wp\/v2\/product"}],"about":[{"href":"https:\/\/www.verlagshaus-hernals.at\/shop\/wp-json\/wp\/v2\/types\/product"}],"wp:featuredmedia":[{"embeddable":true,"href":"https:\/\/www.verlagshaus-hernals.at\/shop\/wp-json\/wp\/v2\/media\/135"}],"wp:attachment":[{"href":"https:\/\/www.verlagshaus-hernals.at\/shop\/wp-json\/wp\/v2\/media?parent=136"}],"wp:term":[{"taxonomy":"product_brand","embeddable":true,"href":"https:\/\/www.verlagshaus-hernals.at\/shop\/wp-json\/wp\/v2\/product_brand?post=136"},{"taxonomy":"product_cat","embeddable":true,"href":"https:\/\/www.verlagshaus-hernals.at\/shop\/wp-json\/wp\/v2\/product_cat?post=136"},{"taxonomy":"product_tag","embeddable":true,"href":"https:\/\/www.verlagshaus-hernals.at\/shop\/wp-json\/wp\/v2\/product_tag?post=136"}],"curies":[{"name":"wp","href":"https:\/\/api.w.org\/{rel}","templated":true}]}}