{"id":126,"date":"2015-04-23T13:05:20","date_gmt":"2015-04-23T11:05:20","guid":{"rendered":"https:\/\/www.imerix.at\/bookshop\/produkt\/mendels-wuensche\/"},"modified":"2025-04-18T19:03:12","modified_gmt":"2025-04-18T17:03:12","slug":"mendels-wuensche","status":"publish","type":"product","link":"https:\/\/www.verlagshaus-hernals.at\/shop\/produkt\/mendels-wuensche\/","title":{"rendered":"Mendels W\u00fcnsche"},"content":{"rendered":"<p>Mendel Kohn ist zw\u00f6lf Jahre alt. Er wandert 1947 mit seinen Eltern nach Pal\u00e4stina aus. Seine Freundin Lotte w\u00e4chst im Wien der Nachkriegsjahre auf.<br \/>\nBriefmarken sind ein fast unerschwinglicher Luxus. Dennoch halten die beiden ihre Freundschaft fortan mittels Briefen aufrecht. Zu schreiben gibt es viel.<br \/>\nMendel lernt das Leben in einem Kibbuz kennen und sehnt sich nach Frieden mit den Arabern. Lotte vermisst Mendel und versucht, sich an ihren aus der Gefangenschaft heimgekehrten Onkel zu gew\u00f6hnen.<br \/>\nEines Tages landet ein gestohlener Ring in einem Paar selbstgestrickter F\u00e4ustlinge, die Lotte nach Haifa schickt, bei Mendel. Ist es ein Zauberring, der die W\u00fcnsche der Kinder erf\u00fcllen kann?<\/p>\n","protected":false},"excerpt":{"rendered":"<p>228 Seiten, gebunden, Schutzumschlag<br \/>\nISBN 978-3-902975-23-2&hellip; <a class=\"kt-excerpt-readmore more-link\" href=\"https:\/\/www.verlagshaus-hernals.at\/shop\/produkt\/mendels-wuensche\/\" aria-label=\"Mendels W\u00fcnsche\">Read More<\/a><\/p>\n","protected":false},"featured_media":125,"template":"","meta":{"kt_blocks_editor_width":"","_kad_blocks_custom_css":"","_kad_blocks_head_custom_js":"","_kad_blocks_body_custom_js":"","_kad_blocks_footer_custom_js":""},"product_brand":[],"product_cat":[43,47],"product_tag":[56],"class_list":{"0":"post-126","1":"product","2":"type-product","3":"status-publish","4":"has-post-thumbnail","6":"product_cat-romane-erzaehlungen","7":"product_cat-zeitgeschichte","8":"product_tag-traude-litzka","10":"first","11":"instock","12":"taxable","13":"shipping-taxable","14":"purchasable","15":"product-type-simple"},"taxonomy_info":{"product_cat":[{"value":43,"label":"Romane &amp; Erz\u00e4hlungen"},{"value":47,"label":"Zeitgeschichte"}],"product_tag":[{"value":56,"label":"Traude Litzka"}]},"featured_image_src_large":["https:\/\/www.verlagshaus-hernals.at\/shop\/wp-content\/uploads\/traude_litzka-mendels_wuensche.jpg",403,650,false],"author_info":[],"comment_info":"","_links":{"self":[{"href":"https:\/\/www.verlagshaus-hernals.at\/shop\/wp-json\/wp\/v2\/product\/126","targetHints":{"allow":["GET"]}}],"collection":[{"href":"https:\/\/www.verlagshaus-hernals.at\/shop\/wp-json\/wp\/v2\/product"}],"about":[{"href":"https:\/\/www.verlagshaus-hernals.at\/shop\/wp-json\/wp\/v2\/types\/product"}],"wp:featuredmedia":[{"embeddable":true,"href":"https:\/\/www.verlagshaus-hernals.at\/shop\/wp-json\/wp\/v2\/media\/125"}],"wp:attachment":[{"href":"https:\/\/www.verlagshaus-hernals.at\/shop\/wp-json\/wp\/v2\/media?parent=126"}],"wp:term":[{"taxonomy":"product_brand","embeddable":true,"href":"https:\/\/www.verlagshaus-hernals.at\/shop\/wp-json\/wp\/v2\/product_brand?post=126"},{"taxonomy":"product_cat","embeddable":true,"href":"https:\/\/www.verlagshaus-hernals.at\/shop\/wp-json\/wp\/v2\/product_cat?post=126"},{"taxonomy":"product_tag","embeddable":true,"href":"https:\/\/www.verlagshaus-hernals.at\/shop\/wp-json\/wp\/v2\/product_tag?post=126"}],"curies":[{"name":"wp","href":"https:\/\/api.w.org\/{rel}","templated":true}]}}