{"id":124,"date":"2015-02-27T13:05:20","date_gmt":"2015-02-27T12:05:20","guid":{"rendered":"https:\/\/www.imerix.at\/bookshop\/produkt\/das-haus-am-froschplatz\/"},"modified":"2025-04-18T19:02:39","modified_gmt":"2025-04-18T17:02:39","slug":"das-haus-am-froschplatz","status":"publish","type":"product","link":"https:\/\/www.verlagshaus-hernals.at\/shop\/produkt\/das-haus-am-froschplatz\/","title":{"rendered":"Das Haus am Froschplatz"},"content":{"rendered":"<p>Im Winkelwerk der Gassen des ersten Bezirks von Wien, unweit des Fleischmarkts, befindet sich der Froschplatz, fr\u00fcher wegen des Klosters des Ordens, das sich dort befand, Theatinerplatz genannt. Im 18. Jahrhundert wurde das Kloster aufgel\u00f6st, die Kirche belassen und \u2013 zur Stadtversch\u00f6nerung \u2013 der schlichte Trinkbrunnen, der in der Mitte des Platzes stand, in einen runden Prunkbrunnen zu Ehren der heidnischen G\u00f6ttin Latona umgebaut. Sieben kecke, gr\u00fcnspanige Fr\u00f6sche aus Bronze sa\u00dfen im Kreis auf der gerundeten Kante des Brunnens. In den Sommermonaten spien sie fr\u00f6hlich Wasser auf die G\u00f6ttin.<\/p>\n","protected":false},"excerpt":{"rendered":"<p>204 Seiten, gebunden, Schutzumschlag<br \/>\nISBN 978-3-902975-12-6&hellip; <a class=\"kt-excerpt-readmore more-link\" href=\"https:\/\/www.verlagshaus-hernals.at\/shop\/produkt\/das-haus-am-froschplatz\/\" aria-label=\"Das Haus am Froschplatz\">Read More<\/a><\/p>\n","protected":false},"featured_media":123,"template":"","meta":{"kt_blocks_editor_width":"","_kad_blocks_custom_css":"","_kad_blocks_head_custom_js":"","_kad_blocks_body_custom_js":"","_kad_blocks_footer_custom_js":""},"product_brand":[],"product_cat":[43],"product_tag":[],"class_list":{"0":"post-124","1":"product","2":"type-product","3":"status-publish","4":"has-post-thumbnail","6":"product_cat-romane-erzaehlungen","8":"first","9":"instock","10":"taxable","11":"shipping-taxable","12":"purchasable","13":"product-type-simple"},"taxonomy_info":{"product_cat":[{"value":43,"label":"Romane &amp; Erz\u00e4hlungen"}]},"featured_image_src_large":["https:\/\/www.verlagshaus-hernals.at\/shop\/wp-content\/uploads\/ursula_de_allendesalazar_das_haus_am_froschplatz.jpg",403,650,false],"author_info":[],"comment_info":"","_links":{"self":[{"href":"https:\/\/www.verlagshaus-hernals.at\/shop\/wp-json\/wp\/v2\/product\/124","targetHints":{"allow":["GET"]}}],"collection":[{"href":"https:\/\/www.verlagshaus-hernals.at\/shop\/wp-json\/wp\/v2\/product"}],"about":[{"href":"https:\/\/www.verlagshaus-hernals.at\/shop\/wp-json\/wp\/v2\/types\/product"}],"wp:featuredmedia":[{"embeddable":true,"href":"https:\/\/www.verlagshaus-hernals.at\/shop\/wp-json\/wp\/v2\/media\/123"}],"wp:attachment":[{"href":"https:\/\/www.verlagshaus-hernals.at\/shop\/wp-json\/wp\/v2\/media?parent=124"}],"wp:term":[{"taxonomy":"product_brand","embeddable":true,"href":"https:\/\/www.verlagshaus-hernals.at\/shop\/wp-json\/wp\/v2\/product_brand?post=124"},{"taxonomy":"product_cat","embeddable":true,"href":"https:\/\/www.verlagshaus-hernals.at\/shop\/wp-json\/wp\/v2\/product_cat?post=124"},{"taxonomy":"product_tag","embeddable":true,"href":"https:\/\/www.verlagshaus-hernals.at\/shop\/wp-json\/wp\/v2\/product_tag?post=124"}],"curies":[{"name":"wp","href":"https:\/\/api.w.org\/{rel}","templated":true}]}}