{"id":122,"date":"2013-12-10T13:05:20","date_gmt":"2013-12-10T12:05:20","guid":{"rendered":"https:\/\/www.imerix.at\/bookshop\/produkt\/schichten-wechseln\/"},"modified":"2025-04-18T19:01:38","modified_gmt":"2025-04-18T17:01:38","slug":"schichten-wechseln","status":"publish","type":"product","link":"https:\/\/www.verlagshaus-hernals.at\/shop\/produkt\/schichten-wechseln\/","title":{"rendered":"Schichten wechseln"},"content":{"rendered":"<p>Elf beeindruckende Geschichten, geschrieben von elf erfolgreichen M\u00e4nnern und Frauen. Sie erz\u00e4hlen von Gewalt, Tod, Missbrauch, von Isolation und Missachtung. Und sie erz\u00e4hlen davon, wie sie den Weg zu ihrem pers\u00f6nlichen Gl\u00fcck fanden.Zehn von ihnen schrieben unter dem Schutz eines Pseudonyms.<\/p>\n","protected":false},"excerpt":{"rendered":"<p>240 Seiten, gebunden<br \/>\nISBN 978-3-902744-62-3&hellip; <a class=\"kt-excerpt-readmore more-link\" href=\"https:\/\/www.verlagshaus-hernals.at\/shop\/produkt\/schichten-wechseln\/\" aria-label=\"Schichten wechseln\">Read More<\/a><\/p>\n","protected":false},"featured_media":121,"template":"","meta":{"kt_blocks_editor_width":"","_kad_blocks_custom_css":"","_kad_blocks_head_custom_js":"","_kad_blocks_body_custom_js":"","_kad_blocks_footer_custom_js":""},"product_brand":[],"product_cat":[43],"product_tag":[],"class_list":{"0":"post-122","1":"product","2":"type-product","3":"status-publish","4":"has-post-thumbnail","6":"product_cat-romane-erzaehlungen","8":"first","9":"instock","10":"taxable","11":"shipping-taxable","12":"purchasable","13":"product-type-simple"},"taxonomy_info":{"product_cat":[{"value":43,"label":"Romane &amp; Erz\u00e4hlungen"}]},"featured_image_src_large":["https:\/\/www.verlagshaus-hernals.at\/shop\/wp-content\/uploads\/marah_queens-schichten_wechseln.jpg",414,648,false],"author_info":[],"comment_info":"","_links":{"self":[{"href":"https:\/\/www.verlagshaus-hernals.at\/shop\/wp-json\/wp\/v2\/product\/122","targetHints":{"allow":["GET"]}}],"collection":[{"href":"https:\/\/www.verlagshaus-hernals.at\/shop\/wp-json\/wp\/v2\/product"}],"about":[{"href":"https:\/\/www.verlagshaus-hernals.at\/shop\/wp-json\/wp\/v2\/types\/product"}],"wp:featuredmedia":[{"embeddable":true,"href":"https:\/\/www.verlagshaus-hernals.at\/shop\/wp-json\/wp\/v2\/media\/121"}],"wp:attachment":[{"href":"https:\/\/www.verlagshaus-hernals.at\/shop\/wp-json\/wp\/v2\/media?parent=122"}],"wp:term":[{"taxonomy":"product_brand","embeddable":true,"href":"https:\/\/www.verlagshaus-hernals.at\/shop\/wp-json\/wp\/v2\/product_brand?post=122"},{"taxonomy":"product_cat","embeddable":true,"href":"https:\/\/www.verlagshaus-hernals.at\/shop\/wp-json\/wp\/v2\/product_cat?post=122"},{"taxonomy":"product_tag","embeddable":true,"href":"https:\/\/www.verlagshaus-hernals.at\/shop\/wp-json\/wp\/v2\/product_tag?post=122"}],"curies":[{"name":"wp","href":"https:\/\/api.w.org\/{rel}","templated":true}]}}