{"id":114,"date":"2012-11-21T13:05:19","date_gmt":"2012-11-21T12:05:19","guid":{"rendered":"https:\/\/www.imerix.at\/bookshop\/produkt\/5er-edition\/"},"modified":"2025-06-02T12:34:53","modified_gmt":"2025-06-02T10:34:53","slug":"5er-edition","status":"publish","type":"product","link":"https:\/\/www.verlagshaus-hernals.at\/shop\/produkt\/5er-edition\/","title":{"rendered":"5er-Edition"},"content":{"rendered":"<p>Am Anfang stand die Idee, Margaretner SchriftstellerInnen unter einer Leselampe zu vereinen, um sie alle an einem Abend aus ihren Werken lesen zu h\u00f6ren. Eine Versammlung der schreibenden Zunft, wie es sie in Wien so noch nie gegeben hat. Diesen fl\u00fcchtigen Augenblick h\u00e4lt das Buch in einer beeindruckenden Vielfalt dauerhaft fest.<\/p>\n<p>Folgende Autorinnen und Autoren sind in dieser Anthologie vertreten:<\/p>\n<div>Hans Anglberger . El Awadalla . Armin Baumgartner . Katrin Bernhardt\u00a0. Elisabeth Chovanec . Wolfgang Felix . Dagmar Fischer . Stefan M. Gergely\u00a0. Heinz Gstrein . Nikolaus Halmer . Mathias Handwerk . Ernst Hinterberger .\u00a0Eva Jancak . Gerald Jatzek . Rudolf Kraus . Detlev Kreidl . Friederike Mayr\u00f6cker\u00a0. Roswitha Miller . Carina Nekolny . Andrea Pesata . Harald Pesata\u00a0. Susanne Praunegger . Werner A. Prochazka . Waltraud Ran Haubert\u00a0. Helga Schwaiger . Robert Sommer . Christa Urbanek . L\u00e1szl\u00f3 Varvasovszky<\/div>\n","protected":false},"excerpt":{"rendered":"<p>290\u00a0Seiten, gebunden<br \/>\nISBN 978-3-902744-56-2&hellip; <a class=\"kt-excerpt-readmore more-link\" href=\"https:\/\/www.verlagshaus-hernals.at\/shop\/produkt\/5er-edition\/\" aria-label=\"5er-Edition\">Read More<\/a><\/p>\n","protected":false},"featured_media":113,"template":"","meta":{"kt_blocks_editor_width":"","_kad_blocks_custom_css":"","_kad_blocks_head_custom_js":"","_kad_blocks_body_custom_js":"","_kad_blocks_footer_custom_js":""},"product_brand":[],"product_cat":[91,55],"product_tag":[36],"class_list":{"0":"post-114","1":"product","2":"type-product","3":"status-publish","4":"has-post-thumbnail","6":"product_cat-wien","7":"product_cat-literaturprojekt","8":"product_tag-pesata","10":"first","11":"instock","12":"taxable","13":"shipping-taxable","14":"purchasable","15":"product-type-simple"},"taxonomy_info":{"product_cat":[{"value":91,"label":"Wien"},{"value":55,"label":"Literaturprojekt"}],"product_tag":[{"value":36,"label":"Pesata"}]},"featured_image_src_large":["https:\/\/www.verlagshaus-hernals.at\/shop\/wp-content\/uploads\/Harald-Pesata_5er-Edition.png",412,584,false],"author_info":[],"comment_info":"","_links":{"self":[{"href":"https:\/\/www.verlagshaus-hernals.at\/shop\/wp-json\/wp\/v2\/product\/114","targetHints":{"allow":["GET"]}}],"collection":[{"href":"https:\/\/www.verlagshaus-hernals.at\/shop\/wp-json\/wp\/v2\/product"}],"about":[{"href":"https:\/\/www.verlagshaus-hernals.at\/shop\/wp-json\/wp\/v2\/types\/product"}],"wp:featuredmedia":[{"embeddable":true,"href":"https:\/\/www.verlagshaus-hernals.at\/shop\/wp-json\/wp\/v2\/media\/113"}],"wp:attachment":[{"href":"https:\/\/www.verlagshaus-hernals.at\/shop\/wp-json\/wp\/v2\/media?parent=114"}],"wp:term":[{"taxonomy":"product_brand","embeddable":true,"href":"https:\/\/www.verlagshaus-hernals.at\/shop\/wp-json\/wp\/v2\/product_brand?post=114"},{"taxonomy":"product_cat","embeddable":true,"href":"https:\/\/www.verlagshaus-hernals.at\/shop\/wp-json\/wp\/v2\/product_cat?post=114"},{"taxonomy":"product_tag","embeddable":true,"href":"https:\/\/www.verlagshaus-hernals.at\/shop\/wp-json\/wp\/v2\/product_tag?post=114"}],"curies":[{"name":"wp","href":"https:\/\/api.w.org\/{rel}","templated":true}]}}