{"id":112,"date":"2012-11-05T13:05:18","date_gmt":"2012-11-05T12:05:18","guid":{"rendered":"https:\/\/www.imerix.at\/bookshop\/produkt\/milos-und-janda-iii\/"},"modified":"2025-04-18T18:57:06","modified_gmt":"2025-04-18T16:57:06","slug":"milos-und-janda-iii","status":"publish","type":"product","link":"https:\/\/www.verlagshaus-hernals.at\/shop\/produkt\/milos-und-janda-iii\/","title":{"rendered":"Milo\u0161 und Janda III"},"content":{"rendered":"<p>Der Augustinerm\u00f6nch Milo\u0161 und sein Freund Janda ermitteln diesmal in eigener Sache. Janda findet einen Toten und der Versuch zu helfen, macht ihn verd\u00e4chtig.<\/p>\n<p>Viktor Mautner Markhof f\u00fchrt seine Leser durch eine spannende Geschichte und durch die Stadt Br\u00fcnn.<\/p>\n","protected":false},"excerpt":{"rendered":"<p>148 Seiten, gebunden<br \/>\nISBN 978-3-902744-26-5&hellip; <a class=\"kt-excerpt-readmore more-link\" href=\"https:\/\/www.verlagshaus-hernals.at\/shop\/produkt\/milos-und-janda-iii\/\" aria-label=\"Milo\u0161 und Janda III\">Read More<\/a><\/p>\n","protected":false},"featured_media":111,"template":"","meta":{"kt_blocks_editor_width":"","_kad_blocks_custom_css":"","_kad_blocks_head_custom_js":"","_kad_blocks_body_custom_js":"","_kad_blocks_footer_custom_js":""},"product_brand":[],"product_cat":[43],"product_tag":[100],"class_list":{"0":"post-112","1":"product","2":"type-product","3":"status-publish","4":"has-post-thumbnail","6":"product_cat-romane-erzaehlungen","7":"product_tag-viktor-mautner-markhof","9":"first","10":"instock","11":"taxable","12":"shipping-taxable","13":"purchasable","14":"product-type-simple"},"taxonomy_info":{"product_cat":[{"value":43,"label":"Romane &amp; Erz\u00e4hlungen"}],"product_tag":[{"value":100,"label":"Viktor Mautner Markhof"}]},"featured_image_src_large":["https:\/\/www.verlagshaus-hernals.at\/shop\/wp-content\/uploads\/milos_und_janda.jpg",419,583,false],"author_info":[],"comment_info":"","_links":{"self":[{"href":"https:\/\/www.verlagshaus-hernals.at\/shop\/wp-json\/wp\/v2\/product\/112","targetHints":{"allow":["GET"]}}],"collection":[{"href":"https:\/\/www.verlagshaus-hernals.at\/shop\/wp-json\/wp\/v2\/product"}],"about":[{"href":"https:\/\/www.verlagshaus-hernals.at\/shop\/wp-json\/wp\/v2\/types\/product"}],"wp:featuredmedia":[{"embeddable":true,"href":"https:\/\/www.verlagshaus-hernals.at\/shop\/wp-json\/wp\/v2\/media\/111"}],"wp:attachment":[{"href":"https:\/\/www.verlagshaus-hernals.at\/shop\/wp-json\/wp\/v2\/media?parent=112"}],"wp:term":[{"taxonomy":"product_brand","embeddable":true,"href":"https:\/\/www.verlagshaus-hernals.at\/shop\/wp-json\/wp\/v2\/product_brand?post=112"},{"taxonomy":"product_cat","embeddable":true,"href":"https:\/\/www.verlagshaus-hernals.at\/shop\/wp-json\/wp\/v2\/product_cat?post=112"},{"taxonomy":"product_tag","embeddable":true,"href":"https:\/\/www.verlagshaus-hernals.at\/shop\/wp-json\/wp\/v2\/product_tag?post=112"}],"curies":[{"name":"wp","href":"https:\/\/api.w.org\/{rel}","templated":true}]}}