{"id":110,"date":"2012-11-01T13:05:18","date_gmt":"2012-11-01T12:05:18","guid":{"rendered":"https:\/\/www.imerix.at\/bookshop\/produkt\/glasscherbeninsel\/"},"modified":"2025-04-18T18:55:42","modified_gmt":"2025-04-18T16:55:42","slug":"glasscherbeninsel","status":"publish","type":"product","link":"https:\/\/www.verlagshaus-hernals.at\/shop\/produkt\/glasscherbeninsel\/","title":{"rendered":"Glasscherbeninsel"},"content":{"rendered":"<p>\u00bbDie Glasscherbeninsel ist kein Ort f\u00fcr dich!\u00ab<br \/>\nFelicitas Bariello, von allen Fee genannt, w\u00e4chst in den 1960er-Jahren sorglos in der Geborgenheit ihrer wohlhabenden und einflussreichen Familie auf.<br \/>\nSie ist zehn, als sie zum ersten Mal das Verbot missachtet, die \u00bbGlasscherbeninsel\u00ab, jenen verrufenen Ort am Rande der beschaulichen Provinzstadt Rainbruck, zu betreten.<br \/>\nDie Begegnung mit dem zw\u00f6lfj\u00e4hrigen Jannis, der dort mit seiner Familie wohnt, wird von nun an nicht nur das Leben von Fee bestimmen; mechanisch, wie bei Zahnr\u00e4dern, wenn Zacke um Zacke greift, vollzieht sich von nun an das Schicksal der Bariellos:<br \/>\nLiebe, missbrauchtes Vertrauen, Verrat und Tod begleiten die Familie, gef\u00e4hrden ihre Existenz und es scheint, als w\u00fcrden sie die Schrecken der Vergangenheit nie mehr vergessen k\u00f6nnen.<\/p>\n<p>Ingrid Maria Langs neuer Roman ist genauso poetisch, wie ihr 2010 erschienener und mit dem Erstver\u00f6ffentlichungspreis des Bundesministeriums f\u00fcr Unterricht, Kunst und Kultur ausgezeichneter Deb\u00fctroman \u00bbWassermolek\u00fcle\u00ab.<\/p>\n","protected":false},"excerpt":{"rendered":"<p>300 Seiten, gebunden, Schutzumschlag<br \/>\nISBN 978-3-902744-43-2&hellip; <a class=\"kt-excerpt-readmore more-link\" href=\"https:\/\/www.verlagshaus-hernals.at\/shop\/produkt\/glasscherbeninsel\/\" aria-label=\"Glasscherbeninsel\">Read More<\/a><\/p>\n","protected":false},"featured_media":109,"template":"","meta":{"kt_blocks_editor_width":"","_kad_blocks_custom_css":"","_kad_blocks_head_custom_js":"","_kad_blocks_body_custom_js":"","_kad_blocks_footer_custom_js":""},"product_brand":[],"product_cat":[43],"product_tag":[],"class_list":{"0":"post-110","1":"product","2":"type-product","3":"status-publish","4":"has-post-thumbnail","6":"product_cat-romane-erzaehlungen","8":"first","9":"instock","10":"taxable","11":"shipping-taxable","12":"purchasable","13":"product-type-simple"},"taxonomy_info":{"product_cat":[{"value":43,"label":"Romane &amp; Erz\u00e4hlungen"}]},"featured_image_src_large":["https:\/\/www.verlagshaus-hernals.at\/shop\/wp-content\/uploads\/ingrid-maria-lang_glasscherbeninsel.jpg",415,648,false],"author_info":[],"comment_info":"","_links":{"self":[{"href":"https:\/\/www.verlagshaus-hernals.at\/shop\/wp-json\/wp\/v2\/product\/110","targetHints":{"allow":["GET"]}}],"collection":[{"href":"https:\/\/www.verlagshaus-hernals.at\/shop\/wp-json\/wp\/v2\/product"}],"about":[{"href":"https:\/\/www.verlagshaus-hernals.at\/shop\/wp-json\/wp\/v2\/types\/product"}],"wp:featuredmedia":[{"embeddable":true,"href":"https:\/\/www.verlagshaus-hernals.at\/shop\/wp-json\/wp\/v2\/media\/109"}],"wp:attachment":[{"href":"https:\/\/www.verlagshaus-hernals.at\/shop\/wp-json\/wp\/v2\/media?parent=110"}],"wp:term":[{"taxonomy":"product_brand","embeddable":true,"href":"https:\/\/www.verlagshaus-hernals.at\/shop\/wp-json\/wp\/v2\/product_brand?post=110"},{"taxonomy":"product_cat","embeddable":true,"href":"https:\/\/www.verlagshaus-hernals.at\/shop\/wp-json\/wp\/v2\/product_cat?post=110"},{"taxonomy":"product_tag","embeddable":true,"href":"https:\/\/www.verlagshaus-hernals.at\/shop\/wp-json\/wp\/v2\/product_tag?post=110"}],"curies":[{"name":"wp","href":"https:\/\/api.w.org\/{rel}","templated":true}]}}