{"id":108,"date":"2012-05-04T13:05:18","date_gmt":"2012-05-04T11:05:18","guid":{"rendered":"https:\/\/www.imerix.at\/bookshop\/produkt\/aretha-und-die-frauen-des-kleanthes\/"},"modified":"2025-04-18T18:55:02","modified_gmt":"2025-04-18T16:55:02","slug":"aretha-und-die-frauen-des-kleanthes","status":"publish","type":"product","link":"https:\/\/www.verlagshaus-hernals.at\/shop\/produkt\/aretha-und-die-frauen-des-kleanthes\/","title":{"rendered":"Ar\u00e9tha und die Frauen des Kleanthes"},"content":{"rendered":"<p>In einem Dorf am Peloponnes wird die Halbwaise Ar\u00e9tha von ihren Tanten und deren Nachbarin gro\u00dfgezogen. Der Nachbarsjunge Andreas wird zu ihrem besten Freund. Beim Spielen am Meer st\u00fcrzt Ar\u00e9tha ins Wasser. Durch den Schock f\u00e4llt sie in einen tagelangen Schlaf. Dieser Zustand wiederholt sich fortan, wenn sie erschrickt. Um das zu verhindern, wird sie von ihren Tanten immer mehr von der Welt abgeschirmt. Im Laufe der Jahre fl\u00fcchtet sie in eine Fantasiewelt um ihre Einsamkeit ertragen zu k\u00f6nnen. Andreas versucht sie zum Auszubrechen zu \u00fcberreden.<\/p>\n<p>Mit einf\u00fchlsamer, fesselnder Erz\u00e4hlkunst vermag es die Autorin, die Leser in ein Griechenland des beginnenden 20. Jahrhunderts, insbesondere in die Erfahrungswelt und den Alltag von Kindern und Frauen zu entf\u00fchren.<br \/>\nIn die Romanhandlung sind zahlreiche R\u00fcckblicke auf Lebensgeschichten, nicht nur aus dem griechischen und kleinasiatischen, sondern auch aus dem Schwarzmeer-Raum eingeflochten.<\/p>\n<p>Evjenia Fakinu wurde in Alexandrien geboren. 1976 erschien die &#8218;Blechstadt&#8216;.<br \/>\nMit dem Roman &#8218;Astraden\u00ed&#8216; (&#8218;Sternenbindende&#8216;) erlangte sie internationale Anerkennung. Sie ver\u00f6ffentlichte elf weitere Romane.<br \/>\nDie Originalsausgabe von &#8218;Ar\u00e9tha und die Frauen des Kleanthes&#8216; ist 2005 unter dem Titel &#8218;Die Methode von Orl\u00e9ans&#8216; (\u0397 \u03bc\u1f73\u03b8\u03bf\u03b4\u03bf\u03c2 \u03c4\u03b7\u03c2 \u039f\u03c1\u03bb\u03b5\u1f71\u03bd\u03b7\u03c2) erschienen und erhielt den Leserpreis des Nationalen Buchzentrums in Athen.<\/p>\n<p>\u00dcbersetzung aus dem Griechischen von Martin W\u00f6ber.<\/p>\n","protected":false},"excerpt":{"rendered":"<p>310 Seiten, gebunden<br \/>\nISBN 978-3-902744-18-0&hellip; <a class=\"kt-excerpt-readmore more-link\" href=\"https:\/\/www.verlagshaus-hernals.at\/shop\/produkt\/aretha-und-die-frauen-des-kleanthes\/\" aria-label=\"Ar\u00e9tha und die Frauen des Kleanthes\">Read More<\/a><\/p>\n","protected":false},"featured_media":107,"template":"","meta":{"kt_blocks_editor_width":"","_kad_blocks_custom_css":"","_kad_blocks_head_custom_js":"","_kad_blocks_body_custom_js":"","_kad_blocks_footer_custom_js":""},"product_brand":[],"product_cat":[43],"product_tag":[],"class_list":{"0":"post-108","1":"product","2":"type-product","3":"status-publish","4":"has-post-thumbnail","6":"product_cat-romane-erzaehlungen","8":"first","9":"instock","10":"taxable","11":"shipping-taxable","12":"purchasable","13":"product-type-simple"},"taxonomy_info":{"product_cat":[{"value":43,"label":"Romane &amp; Erz\u00e4hlungen"}]},"featured_image_src_large":["https:\/\/www.verlagshaus-hernals.at\/shop\/wp-content\/uploads\/evjenia_fakinu-aretha_und_die_frauen_des_kleanthes.jpg",344,561,false],"author_info":[],"comment_info":"","_links":{"self":[{"href":"https:\/\/www.verlagshaus-hernals.at\/shop\/wp-json\/wp\/v2\/product\/108","targetHints":{"allow":["GET"]}}],"collection":[{"href":"https:\/\/www.verlagshaus-hernals.at\/shop\/wp-json\/wp\/v2\/product"}],"about":[{"href":"https:\/\/www.verlagshaus-hernals.at\/shop\/wp-json\/wp\/v2\/types\/product"}],"wp:featuredmedia":[{"embeddable":true,"href":"https:\/\/www.verlagshaus-hernals.at\/shop\/wp-json\/wp\/v2\/media\/107"}],"wp:attachment":[{"href":"https:\/\/www.verlagshaus-hernals.at\/shop\/wp-json\/wp\/v2\/media?parent=108"}],"wp:term":[{"taxonomy":"product_brand","embeddable":true,"href":"https:\/\/www.verlagshaus-hernals.at\/shop\/wp-json\/wp\/v2\/product_brand?post=108"},{"taxonomy":"product_cat","embeddable":true,"href":"https:\/\/www.verlagshaus-hernals.at\/shop\/wp-json\/wp\/v2\/product_cat?post=108"},{"taxonomy":"product_tag","embeddable":true,"href":"https:\/\/www.verlagshaus-hernals.at\/shop\/wp-json\/wp\/v2\/product_tag?post=108"}],"curies":[{"name":"wp","href":"https:\/\/api.w.org\/{rel}","templated":true}]}}