{"id":106,"date":"2011-12-08T13:05:18","date_gmt":"2011-12-08T12:05:18","guid":{"rendered":"https:\/\/www.imerix.at\/bookshop\/produkt\/milos-und-janda-ii\/"},"modified":"2025-04-18T18:54:32","modified_gmt":"2025-04-18T16:54:32","slug":"milos-und-janda-ii","status":"publish","type":"product","link":"https:\/\/www.verlagshaus-hernals.at\/shop\/produkt\/milos-und-janda-ii\/","title":{"rendered":"Milo\u0161 und Janda II"},"content":{"rendered":"<p>Aus der Bilbliothek des Br\u00fcnner Augustinerklosters wurde eine wertvolle Bibel gestohlen. In der Hoffnung, das Buch wieder finden zu k\u00f6nnen, entsendet der Abt den M\u00f6nch Milos nach Berlin, wo die Polizei den Fall mit sehr wenig Nachdruck verfolgt. Milos und sein Freund Janda sind hartn\u00e4ckiger.<br \/>\nMit viel Fingerspitzengef\u00fchl, Fantasie und Mut machen sie sich an die Aufkl\u00e4rung.<\/p>\n<p>Viktor Mautner Markhofs zweiter Roman f\u00fchrt in die Welt von Buchliebhabern und Antiquaren.<\/p>\n","protected":false},"excerpt":{"rendered":"<p>156 Seiten, gebunden<br \/>\nISBN 978-3-902744-19-7&hellip; <a class=\"kt-excerpt-readmore more-link\" href=\"https:\/\/www.verlagshaus-hernals.at\/shop\/produkt\/milos-und-janda-ii\/\" aria-label=\"Milo\u0161 und Janda II\">Read More<\/a><\/p>\n","protected":false},"featured_media":105,"template":"","meta":{"kt_blocks_editor_width":"","_kad_blocks_custom_css":"","_kad_blocks_head_custom_js":"","_kad_blocks_body_custom_js":"","_kad_blocks_footer_custom_js":""},"product_brand":[],"product_cat":[43],"product_tag":[100],"class_list":{"0":"post-106","1":"product","2":"type-product","3":"status-publish","4":"has-post-thumbnail","6":"product_cat-romane-erzaehlungen","7":"product_tag-viktor-mautner-markhof","9":"first","10":"instock","11":"taxable","12":"shipping-taxable","13":"purchasable","14":"product-type-simple"},"taxonomy_info":{"product_cat":[{"value":43,"label":"Romane &amp; Erz\u00e4hlungen"}],"product_tag":[{"value":100,"label":"Viktor Mautner Markhof"}]},"featured_image_src_large":["https:\/\/www.verlagshaus-hernals.at\/shop\/wp-content\/uploads\/viktor_mautner_markhof-milos_und_janda2.jpg",424,596,false],"author_info":[],"comment_info":"","_links":{"self":[{"href":"https:\/\/www.verlagshaus-hernals.at\/shop\/wp-json\/wp\/v2\/product\/106","targetHints":{"allow":["GET"]}}],"collection":[{"href":"https:\/\/www.verlagshaus-hernals.at\/shop\/wp-json\/wp\/v2\/product"}],"about":[{"href":"https:\/\/www.verlagshaus-hernals.at\/shop\/wp-json\/wp\/v2\/types\/product"}],"wp:featuredmedia":[{"embeddable":true,"href":"https:\/\/www.verlagshaus-hernals.at\/shop\/wp-json\/wp\/v2\/media\/105"}],"wp:attachment":[{"href":"https:\/\/www.verlagshaus-hernals.at\/shop\/wp-json\/wp\/v2\/media?parent=106"}],"wp:term":[{"taxonomy":"product_brand","embeddable":true,"href":"https:\/\/www.verlagshaus-hernals.at\/shop\/wp-json\/wp\/v2\/product_brand?post=106"},{"taxonomy":"product_cat","embeddable":true,"href":"https:\/\/www.verlagshaus-hernals.at\/shop\/wp-json\/wp\/v2\/product_cat?post=106"},{"taxonomy":"product_tag","embeddable":true,"href":"https:\/\/www.verlagshaus-hernals.at\/shop\/wp-json\/wp\/v2\/product_tag?post=106"}],"curies":[{"name":"wp","href":"https:\/\/api.w.org\/{rel}","templated":true}]}}