{"id":102,"date":"2011-10-08T13:05:17","date_gmt":"2011-10-08T11:05:17","guid":{"rendered":"https:\/\/www.imerix.at\/bookshop\/produkt\/der-kommandant\/"},"modified":"2025-04-18T17:59:30","modified_gmt":"2025-04-18T15:59:30","slug":"der-kommandant","status":"publish","type":"product","link":"https:\/\/www.verlagshaus-hernals.at\/shop\/produkt\/der-kommandant\/","title":{"rendered":"Der Kommandant"},"content":{"rendered":"<p>April 1945. Am Abend vor dem Einmarsch der Roten Armee fasst der Kommandant eines Konzentrationslagers einen Unheil bringenden Plan. Der H\u00e4ftling Victor Gruner, ehemals Schauspieler in Wien, sieht ihm zum Verwechseln \u00e4hnlich. Er soll in seine Rolle schl\u00fcpfen. Der Kommandant und seine Frau planen in Str\u00e4flingskleidung zu fl\u00fcchten. Unter dem Donner des n\u00e4her r\u00fcckenden Artilleriefeuers entwickelt sich ein perfides Spiel.<br \/>\nFrederic Mortons groteskes Theaterst\u00fcck erz\u00e4hlt die Geschichte eines zerst\u00f6rten Lebens.<\/p>\n","protected":false},"excerpt":{"rendered":"<p>90 Seiten, broschiert<br \/>\nISBN 978-3-902744-33-3&hellip; <a class=\"kt-excerpt-readmore more-link\" href=\"https:\/\/www.verlagshaus-hernals.at\/shop\/produkt\/der-kommandant\/\" aria-label=\"Der Kommandant\">Read More<\/a><\/p>\n","protected":false},"featured_media":101,"template":"","meta":{"kt_blocks_editor_width":"","_kad_blocks_custom_css":"","_kad_blocks_head_custom_js":"","_kad_blocks_body_custom_js":"","_kad_blocks_footer_custom_js":""},"product_brand":[],"product_cat":[43,47],"product_tag":[48],"class_list":{"0":"post-102","1":"product","2":"type-product","3":"status-publish","4":"has-post-thumbnail","6":"product_cat-romane-erzaehlungen","7":"product_cat-zeitgeschichte","8":"product_tag-frederic-morton","10":"first","11":"instock","12":"taxable","13":"shipping-taxable","14":"purchasable","15":"product-type-simple"},"taxonomy_info":{"product_cat":[{"value":43,"label":"Romane &amp; Erz\u00e4hlungen"},{"value":47,"label":"Zeitgeschichte"}],"product_tag":[{"value":48,"label":"Frederic Morton"}]},"featured_image_src_large":["https:\/\/www.verlagshaus-hernals.at\/shop\/wp-content\/uploads\/frederic_morton-der_kommandant.jpg",416,648,false],"author_info":[],"comment_info":"","_links":{"self":[{"href":"https:\/\/www.verlagshaus-hernals.at\/shop\/wp-json\/wp\/v2\/product\/102","targetHints":{"allow":["GET"]}}],"collection":[{"href":"https:\/\/www.verlagshaus-hernals.at\/shop\/wp-json\/wp\/v2\/product"}],"about":[{"href":"https:\/\/www.verlagshaus-hernals.at\/shop\/wp-json\/wp\/v2\/types\/product"}],"wp:featuredmedia":[{"embeddable":true,"href":"https:\/\/www.verlagshaus-hernals.at\/shop\/wp-json\/wp\/v2\/media\/101"}],"wp:attachment":[{"href":"https:\/\/www.verlagshaus-hernals.at\/shop\/wp-json\/wp\/v2\/media?parent=102"}],"wp:term":[{"taxonomy":"product_brand","embeddable":true,"href":"https:\/\/www.verlagshaus-hernals.at\/shop\/wp-json\/wp\/v2\/product_brand?post=102"},{"taxonomy":"product_cat","embeddable":true,"href":"https:\/\/www.verlagshaus-hernals.at\/shop\/wp-json\/wp\/v2\/product_cat?post=102"},{"taxonomy":"product_tag","embeddable":true,"href":"https:\/\/www.verlagshaus-hernals.at\/shop\/wp-json\/wp\/v2\/product_tag?post=102"}],"curies":[{"name":"wp","href":"https:\/\/api.w.org\/{rel}","templated":true}]}}