{"id":100,"date":"2010-12-07T13:05:17","date_gmt":"2010-12-07T12:05:17","guid":{"rendered":"https:\/\/www.imerix.at\/bookshop\/produkt\/koeniginnen\/"},"modified":"2025-04-18T18:51:50","modified_gmt":"2025-04-18T16:51:50","slug":"koeniginnen","status":"publish","type":"product","link":"https:\/\/www.verlagshaus-hernals.at\/shop\/produkt\/koeniginnen\/","title":{"rendered":"K\u00f6niginnen"},"content":{"rendered":"<p>Marah Queens zeichnet den Weg einer unangepassten Frau. Dieser Weg f\u00fchrt zu unterschiedlichen Ausw\u00fcchsen, seltsam anmutenden Bl\u00fcten, Verzerrungen und vermeintlichen No-Goes.<\/p>\n<p>Es sind die Varianzen im Sinne von Abweichung und Abnormalit\u00e4t, im Sinne des Widerspruches und des Unberechenbaren, die das Leben lebendig werden lassen, wenn wir es zulassen.<\/p>\n<p>Queens\u00b4 Geschichten und Gedichte sind witzig, schr\u00e4g, intelligent, emotional tiefsch\u00fcrfend und erotisch.  \u2026<\/p>\n","protected":false},"excerpt":{"rendered":"<p>180 Seiten, gebunden<br \/>\nISBN 978-3-902744-13-5&hellip; <a class=\"kt-excerpt-readmore more-link\" href=\"https:\/\/www.verlagshaus-hernals.at\/shop\/produkt\/koeniginnen\/\" aria-label=\"K\u00f6niginnen\">Read More<\/a><\/p>\n","protected":false},"featured_media":99,"template":"","meta":{"kt_blocks_editor_width":"","_kad_blocks_custom_css":"","_kad_blocks_head_custom_js":"","_kad_blocks_body_custom_js":"","_kad_blocks_footer_custom_js":""},"product_brand":[],"product_cat":[43],"product_tag":[],"class_list":{"0":"post-100","1":"product","2":"type-product","3":"status-publish","4":"has-post-thumbnail","6":"product_cat-romane-erzaehlungen","8":"first","9":"instock","10":"taxable","11":"shipping-taxable","12":"purchasable","13":"product-type-simple"},"taxonomy_info":{"product_cat":[{"value":43,"label":"Romane &amp; Erz\u00e4hlungen"}]},"featured_image_src_large":["https:\/\/www.verlagshaus-hernals.at\/shop\/wp-content\/uploads\/marah_queens-koeniginnen.png",326,510,false],"author_info":[],"comment_info":"","_links":{"self":[{"href":"https:\/\/www.verlagshaus-hernals.at\/shop\/wp-json\/wp\/v2\/product\/100","targetHints":{"allow":["GET"]}}],"collection":[{"href":"https:\/\/www.verlagshaus-hernals.at\/shop\/wp-json\/wp\/v2\/product"}],"about":[{"href":"https:\/\/www.verlagshaus-hernals.at\/shop\/wp-json\/wp\/v2\/types\/product"}],"wp:featuredmedia":[{"embeddable":true,"href":"https:\/\/www.verlagshaus-hernals.at\/shop\/wp-json\/wp\/v2\/media\/99"}],"wp:attachment":[{"href":"https:\/\/www.verlagshaus-hernals.at\/shop\/wp-json\/wp\/v2\/media?parent=100"}],"wp:term":[{"taxonomy":"product_brand","embeddable":true,"href":"https:\/\/www.verlagshaus-hernals.at\/shop\/wp-json\/wp\/v2\/product_brand?post=100"},{"taxonomy":"product_cat","embeddable":true,"href":"https:\/\/www.verlagshaus-hernals.at\/shop\/wp-json\/wp\/v2\/product_cat?post=100"},{"taxonomy":"product_tag","embeddable":true,"href":"https:\/\/www.verlagshaus-hernals.at\/shop\/wp-json\/wp\/v2\/product_tag?post=100"}],"curies":[{"name":"wp","href":"https:\/\/api.w.org\/{rel}","templated":true}]}}