{"id":3,"date":"2025-03-28T01:38:06","date_gmt":"2025-03-28T00:38:06","guid":{"rendered":"https:\/\/www.imerix.at\/bookshop\/?page_id=3"},"modified":"2025-05-21T16:29:49","modified_gmt":"2025-05-21T14:29:49","slug":"datenschutzerklaerung","status":"publish","type":"page","link":"https:\/\/www.verlagshaus-hernals.at\/shop\/datenschutzerklaerung\/","title":{"rendered":"Datenschutzerkl\u00e4rung"},"content":{"rendered":"\n<h4 class=\"wp-block-heading\">Datenschutzerkl\u00e4rung f\u00fcr verlagshaus hernals &#8211; webshop<\/h4>\n\n\n\n<h3 class=\"wp-block-heading\">Verantwortlicher f\u00fcr die Datenverarbeitung<\/h3>\n\n\n\n<p>Verantwortlicher f\u00fcr die Datenverarbeitung auf dieser Website im Sinne der Datenschutz-Grundverordnung (DSGVO): <br>verlagshaus hernals e.u. <br>ottakringer stra\u00dfe 14<br>1170 wien<br>E-Mail: office@verlagshaus-hernals.at<\/p>\n\n\n\n<h3 class=\"wp-block-heading\">Erhebung und Speicherung personenbezogener Daten sowie Art und Zweck der Verwendung<\/h3>\n\n\n\n<p>a) Beim Besuch der Website<br>Beim Aufrufen des Webshops werden durch den auf Ihrem Endger\u00e4t zum Einsatz kommenden Browser automatisch Informationen an den Server unseres Webshops gesendet. Diese Informationen werden tempor\u00e4r in einem sogenannten Logfile gespeichert. Folgende Informationen werden dabei ohne Ihr Zutun erfasst:<\/p>\n\n\n\n<p>IP-Adresse des anfragenden Rechners<br>Datum und Uhrzeit des Zugriffs<br>Name und URL der abgerufenen Datei<br>Website, von der aus der Zugriff erfolgt (Referrer-URL)<br>verwendeter Browser und ggf. das Betriebssystem Ihres Rechners sowie der Name Ihres Access-Providers<br>Diese Daten werden ausschlie\u00dflich zu Zwecken der sicheren Betriebsf\u00fchrung sowie zur Abwehr von Missbrauch gespeichert. Diese Daten werden automatisch gel\u00f6scht.<\/p>\n\n\n\n<p>Der Betrieb der Rechenzentren des Hosters erfolgt ausschlie\u00dflich in \u00d6sterreich.<\/p>\n\n\n\n<p>b) Bei Nutzung des Shops \/ Bestellung<br>Wenn Sie im Webshop einkaufen, erheben wir folgende Daten:<\/p>\n\n\n\n<p>Name, Vorname<br>Adresse (Rechnungs- und Lieferadresse)<br>E-Mail-Adresse<br>Telefonnummer<br>Diese Daten ben\u00f6tigen wir zur Abwicklung Ihrer Bestellung, Kontaktaufnahme bei R\u00fcckfragen sowie f\u00fcr die Erf\u00fcllung vertraglicher Pflichten.<\/p>\n\n\n\n<p>c) Kundenkonto (falls vorhanden)<br>Wenn Sie ein Kundenkonto im Webshop erstellen, speichern wir Ihre Zugangsdaten (Benutzername, Passwort in verschl\u00fcsselter Form), um Ihnen eine schnellere Abwicklung Ihrer Bestellungen zu erm\u00f6glichen.<\/p>\n\n\n\n<h3 class=\"wp-block-heading\">Weitergabe von Daten<\/h3>\n\n\n\n<p>Ihre Daten werden nur an Dritte weitergegeben, soweit dies zur Vertragserf\u00fcllung notwendig ist (z.B. Versanddienstleister). Eine dar\u00fcber hinausgehende Weitergabe erfolgt nur mit Ihrer ausdr\u00fccklichen Einwilligung oder wenn wir gesetzlich dazu verpflichtet sind.<\/p>\n\n\n\n<h3 class=\"wp-block-heading\">Cookies<\/h3>\n\n\n\n<p>Der Webshop verwendet keine Tracker oder Analyse-Cookies. Es kommen nur technisch notwendige Cookies zum Einsatz, z.B. f\u00fcr den Warenkorb oder Login-Funktionen.<\/p>\n\n\n\n<h3 class=\"wp-block-heading\">Dauer der Speicherung<\/h3>\n\n\n\n<p>Ihre personenbezogenen Daten werden gel\u00f6scht, sobald sie f\u00fcr die Erreichung des Zweckes ihrer Erhebung nicht mehr erforderlich sind oder Sie Ihre Einwilligung widerrufen haben. Gesetzliche Aufbewahrungsfristen bleiben unber\u00fchrt.<\/p>\n\n\n\n<h3 class=\"wp-block-heading\">Welche Rechte Sie an Ihren Daten haben<\/h3>\n\n\n\n<p>Sie haben das Recht auf Auskunft \u00fcber Ihre gespeicherten Daten sowie auf Berichtigung, L\u00f6schung oder Einschr\u00e4nkung der Verarbeitung dieser Daten. Au\u00dferdem k\u00f6nnen Sie jederzeit Widerspruch gegen die Verarbeitung einlegen oder die Einwilligung widerrufen.<\/p>\n\n\n\n<p>Wenn Sie ein Konto im Webshop besitzen, k\u00f6nnen Sie einen Export Ihrer personenbezogenen Daten bei uns anfordern, inklusive aller Daten, die Sie uns mitgeteilt haben.<br>Dar\u00fcber hinaus k\u00f6nnen Sie die L\u00f6schung aller personenbezogenen Daten, die wir von Ihnen gespeichert haben, anfordern. Dies umfasst nicht die Daten, die wir aufgrund administrativer, rechtlicher oder sicherheitsrelevanter Notwendigkeiten aufbewahren m\u00fcssen.<\/p>\n\n\n\n<p>Zur Wahrnehmung Ihrer Rechte wenden Sie sich bitte an webshop@verlagshaus-hernals.at.<\/p>\n\n\n\n<p><\/p>\n\n\n\n<p class=\"has-text-align-right\">Fassung: Mai 2025<\/p>\n","protected":false},"excerpt":{"rendered":"<p>Datenschutzerkl\u00e4rung f\u00fcr verlagshaus hernals &#8211; webshop Verantwortlicher f\u00fcr die Datenverarbeitung Verantwortlicher f\u00fcr die Datenverarbeitung auf dieser Website im Sinne der Datenschutz-Grundverordnung (DSGVO): verlagshaus hernals e.u. ottakringer stra\u00dfe 141170 wienE-Mail: office@verlagshaus-hernals.at Erhebung und Speicherung personenbezogener Daten sowie Art und Zweck der &hellip; <a class=\"kt-excerpt-readmore more-link\" href=\"https:\/\/www.verlagshaus-hernals.at\/shop\/datenschutzerklaerung\/\" aria-label=\"Datenschutzerkl\u00e4rung\">Read More<\/a><\/p>\n","protected":false},"author":1,"featured_media":0,"parent":0,"menu_order":0,"comment_status":"closed","ping_status":"open","template":"","meta":{"kt_blocks_editor_width":"","_kad_blocks_custom_css":"","_kad_blocks_head_custom_js":"","_kad_blocks_body_custom_js":"","_kad_blocks_footer_custom_js":"","footnotes":""},"class_list":["post-3","page","type-page","status-publish","hentry"],"taxonomy_info":[],"featured_image_src_large":false,"author_info":{"display_name":"walter-admin","author_link":"https:\/\/www.verlagshaus-hernals.at\/shop\/author\/walter-admin\/"},"comment_info":0,"_links":{"self":[{"href":"https:\/\/www.verlagshaus-hernals.at\/shop\/wp-json\/wp\/v2\/pages\/3","targetHints":{"allow":["GET"]}}],"collection":[{"href":"https:\/\/www.verlagshaus-hernals.at\/shop\/wp-json\/wp\/v2\/pages"}],"about":[{"href":"https:\/\/www.verlagshaus-hernals.at\/shop\/wp-json\/wp\/v2\/types\/page"}],"author":[{"embeddable":true,"href":"https:\/\/www.verlagshaus-hernals.at\/shop\/wp-json\/wp\/v2\/users\/1"}],"replies":[{"embeddable":true,"href":"https:\/\/www.verlagshaus-hernals.at\/shop\/wp-json\/wp\/v2\/comments?post=3"}],"version-history":[{"count":16,"href":"https:\/\/www.verlagshaus-hernals.at\/shop\/wp-json\/wp\/v2\/pages\/3\/revisions"}],"predecessor-version":[{"id":636,"href":"https:\/\/www.verlagshaus-hernals.at\/shop\/wp-json\/wp\/v2\/pages\/3\/revisions\/636"}],"wp:attachment":[{"href":"https:\/\/www.verlagshaus-hernals.at\/shop\/wp-json\/wp\/v2\/media?parent=3"}],"curies":[{"name":"wp","href":"https:\/\/api.w.org\/{rel}","templated":true}]}}