{"id":17,"date":"2025-03-28T01:56:15","date_gmt":"2025-03-28T00:56:15","guid":{"rendered":"https:\/\/www.imerix.at\/bookshop\/widerrufsbelehrung\/"},"modified":"2025-05-20T16:41:22","modified_gmt":"2025-05-20T14:41:22","slug":"widerrufsbelehrung","status":"publish","type":"page","link":"https:\/\/www.verlagshaus-hernals.at\/shop\/widerrufsbelehrung\/","title":{"rendered":"Widerrufsbelehrung"},"content":{"rendered":"\n<h3 class=\"wp-block-heading\">Widerrufsrecht<\/h3>\n\n\n\n<p>Sie haben das Recht, binnen 14 Tagen ohne Angabe von Gr\u00fcnden diesen Vertrag zu widerrufen.<br>Die Widerrufsfrist betr\u00e4gt 14 Tage ab dem Tag, an dem Sie oder ein von Ihnen benannter Dritter, der nicht Bef\u00f6rderer ist, die Ware in Besitz genommen haben bzw. hat.<br>Um Ihr Widerrufsrecht auszu\u00fcben, m\u00fcssen Sie uns (verlagshaus hernals e.u. , ottakringer stra\u00dfe 14,\u00a0 1170 wien,  E-Mail: office@verlagshaus-hernals.at) mittels einer eindeutigen Erkl\u00e4rung (z.B. Brief, E-Mail) \u00fcber Ihren Entschluss, diesen Vertrag zu widerrufen, informieren.<br>Zur Wahrung der Widerrufsfrist reicht es aus, wenn Sie die Mitteilung \u00fcber die Aus\u00fcbung des Widerrufsrechts vor Ablauf der Frist absenden.<\/p>\n\n\n\n<p>Wenn Sie den Vertrag widerrufen m\u00f6chten, k\u00f6nnen Sie die Vorlage zur Widerrufserkl\u00e4rung am Ende dieser Seite verwenden und ausf\u00fcllen.<\/p>\n\n\n\n<h3 class=\"wp-block-heading\">Folgen des Widerrufs<\/h3>\n\n\n\n<p>Wenn Sie diesen Vertrag widerrufen, erhalten sie alle Zahlungen zur\u00fcck, die wir von Ihnen erhalten haben, einschlie\u00dflich der Lieferkosten, unverz\u00fcglich und sp\u00e4testens binnen 14 Tagen ab dem Tag, an dem wir Ihre Mitteilung \u00fcber den Widerruf erhalten haben.<br>Wir verwenden f\u00fcr diese R\u00fcckzahlung dasselbe Zahlungsmittel, das Sie bei der urspr\u00fcnglichen Transaktion eingesetzt haben, es sei denn, mit Ihnen wurde ausdr\u00fccklich etwas anderes vereinbart; in keinem Fall werden Ihnen wegen dieser R\u00fcckzahlung Entgelte berechnet.<br>Sie tragen die unmittelbaren Kosten der R\u00fccksendung der Waren.<\/p>\n\n\n\n<h3 class=\"wp-block-heading\">Ausschluss des Widerrufsrechts<\/h3>\n\n\n\n<p>Das Widerrufsrecht besteht nur f\u00fcr Verbraucher mit Wohnsitz in der Europ\u00e4ischen Union. F\u00fcr Verbraucher mit Wohnsitz au\u00dferhalb der Europ\u00e4ischen Union ist das Widerrufsrecht ausgeschlossen. Bitte beachten Sie, dass wir keine R\u00fcckerstattungen oder R\u00fccksendungen an Kunden au\u00dferhalb der EU vornehmen k\u00f6nnen.<\/p>\n\n\n\n<h3 class=\"wp-block-heading\">Widerrufserkl\u00e4rung &#8211; Vorlage<\/h3>\n\n\n\n<p>Widerrufserkl\u00e4rung<\/p>\n\n\n\n<p>Hiermit widerrufe ich den von mir abgeschlossenen Vertrag \u00fcber den Kauf der folgenden Waren:<\/p>\n\n\n\n<p>_____________________________________________<br>_____________________________________________<br>_____________________________________________<\/p>\n\n\n\n<p>Bestellt am: [Datum]<br>Erhalten am: [Datum]\n\n\n\n<p>Name des Kunden: [Ihr Name]<br>Anschrift: [Ihre Adresse]<br>E-Mail: [Ihre E-Mail-Adresse]\n\n\n\n<p>Unterschrift (nur bei Mitteilung auf Papier): <strong><em><strong><em>_____________________<\/em><\/strong><\/em><\/strong><br>Datum: <strong><em><strong><em>____________<\/em><\/strong><\/em><\/strong><\/p>\n\n\n\n<p class=\"has-text-align-right\">Fassung: Mai 2025<\/p>\n\n\n\n<div style=\"height:100px\" aria-hidden=\"true\" class=\"wp-block-spacer\"><\/div>\n","protected":false},"excerpt":{"rendered":"<p>Widerrufsrecht Sie haben das Recht, binnen 14 Tagen ohne Angabe von Gr\u00fcnden diesen Vertrag zu widerrufen.Die Widerrufsfrist betr\u00e4gt 14 Tage ab dem Tag, an dem Sie oder ein von Ihnen benannter Dritter, der nicht Bef\u00f6rderer ist, die Ware in Besitz &hellip; <a class=\"kt-excerpt-readmore more-link\" href=\"https:\/\/www.verlagshaus-hernals.at\/shop\/widerrufsbelehrung\/\" aria-label=\"Widerrufsbelehrung\">Read More<\/a><\/p>\n","protected":false},"author":1,"featured_media":0,"parent":0,"menu_order":0,"comment_status":"closed","ping_status":"closed","template":"","meta":{"kt_blocks_editor_width":"","_kad_blocks_custom_css":"","_kad_blocks_head_custom_js":"","_kad_blocks_body_custom_js":"","_kad_blocks_footer_custom_js":"","footnotes":""},"class_list":["post-17","page","type-page","status-publish","hentry"],"taxonomy_info":[],"featured_image_src_large":false,"author_info":{"display_name":"walter-admin","author_link":"https:\/\/www.verlagshaus-hernals.at\/shop\/author\/walter-admin\/"},"comment_info":0,"_links":{"self":[{"href":"https:\/\/www.verlagshaus-hernals.at\/shop\/wp-json\/wp\/v2\/pages\/17","targetHints":{"allow":["GET"]}}],"collection":[{"href":"https:\/\/www.verlagshaus-hernals.at\/shop\/wp-json\/wp\/v2\/pages"}],"about":[{"href":"https:\/\/www.verlagshaus-hernals.at\/shop\/wp-json\/wp\/v2\/types\/page"}],"author":[{"embeddable":true,"href":"https:\/\/www.verlagshaus-hernals.at\/shop\/wp-json\/wp\/v2\/users\/1"}],"replies":[{"embeddable":true,"href":"https:\/\/www.verlagshaus-hernals.at\/shop\/wp-json\/wp\/v2\/comments?post=17"}],"version-history":[{"count":11,"href":"https:\/\/www.verlagshaus-hernals.at\/shop\/wp-json\/wp\/v2\/pages\/17\/revisions"}],"predecessor-version":[{"id":611,"href":"https:\/\/www.verlagshaus-hernals.at\/shop\/wp-json\/wp\/v2\/pages\/17\/revisions\/611"}],"wp:attachment":[{"href":"https:\/\/www.verlagshaus-hernals.at\/shop\/wp-json\/wp\/v2\/media?parent=17"}],"curies":[{"name":"wp","href":"https:\/\/api.w.org\/{rel}","templated":true}]}}